{"id":1084,"date":"2023-01-16T15:43:36","date_gmt":"2023-01-16T14:43:36","guid":{"rendered":"https:\/\/lobapatisserie.com\/cookies-policy\/"},"modified":"2023-04-11T12:50:00","modified_gmt":"2023-04-11T10:50:00","slug":"politique-de-cookies","status":"publish","type":"page","link":"https:\/\/lobapatisserie.com\/fr\/politique-de-cookies\/","title":{"rendered":"Politique de cookies"},"content":{"rendered":"\t\t<div data-elementor-type=\"wp-page\" data-elementor-id=\"1084\" class=\"elementor elementor-1084 elementor-365\" data-elementor-post-type=\"page\">\n\t\t\t\t\t\t<section class=\"elementor-section elementor-top-section elementor-element elementor-element-fe8fd5b elementor-section-boxed elementor-section-height-default elementor-section-height-default\" data-id=\"fe8fd5b\" data-element_type=\"section\" data-e-type=\"section\">\n\t\t\t\t\t\t<div class=\"elementor-container elementor-column-gap-default\">\n\t\t\t\t\t<div class=\"elementor-column elementor-col-100 elementor-top-column elementor-element elementor-element-ac38881\" data-id=\"ac38881\" data-element_type=\"column\" data-e-type=\"column\">\n\t\t\t<div class=\"elementor-widget-wrap elementor-element-populated\">\n\t\t\t\t\t\t<div class=\"elementor-element elementor-element-448b1e3 elementor-widget elementor-widget-heading\" data-id=\"448b1e3\" data-element_type=\"widget\" data-e-type=\"widget\" data-widget_type=\"heading.default\">\n\t\t\t\t<div class=\"elementor-widget-container\">\n\t\t\t\t\t<h1 class=\"elementor-heading-title elementor-size-default\">POLITIQUE DE COOKIES<\/h1>\t\t\t\t<\/div>\n\t\t\t\t<\/div>\n\t\t\t\t<div class=\"elementor-element elementor-element-19821b9 elementor-widget elementor-widget-heading\" data-id=\"19821b9\" data-element_type=\"widget\" data-e-type=\"widget\" data-widget_type=\"heading.default\">\n\t\t\t\t<div class=\"elementor-widget-container\">\n\t\t\t\t\t<h4 class=\"elementor-heading-title elementor-size-default\">Informations sur l\u2019utilisation des cookies<\/h4>\t\t\t\t<\/div>\n\t\t\t\t<\/div>\n\t\t\t\t<div class=\"elementor-element elementor-element-3b01567 elementor-widget elementor-widget-heading\" data-id=\"3b01567\" data-element_type=\"widget\" data-e-type=\"widget\" data-widget_type=\"heading.default\">\n\t\t\t\t<div class=\"elementor-widget-container\">\n\t\t\t\t\t<p class=\"elementor-heading-title elementor-size-default\">Les cookies sont de br\u00e8ves informations qui sont envoy\u00e9es et stock\u00e9es sur le disque\ndur de l\u2019ordinateur de l\u2019UTILISATEUR via son navigateur lorsqu\u2019il se connecte \u00e0 une\npage Web.\u00a0Conform\u00e9ment au devoir d\u2019information contenu dans la section 2 de l\u2019article\n22 de la loi 34\/2002, du 11 juillet, Services de la soci\u00e9t\u00e9 de l\u2019information et du\ncommerce \u00e9lectronique, cette politique de cookies vise \u00e0 vous informer clairement et\npr\u00e9cis\u00e9ment sur les cookies utilis\u00e9s sur le site Web\u00a0de <strong>LOBA PATISSERIE<\/strong>.<\/p>\t\t\t\t<\/div>\n\t\t\t\t<\/div>\n\t\t\t\t<div class=\"elementor-element elementor-element-372aac0 elementor-widget elementor-widget-heading\" data-id=\"372aac0\" data-element_type=\"widget\" data-e-type=\"widget\" data-widget_type=\"heading.default\">\n\t\t\t\t<div class=\"elementor-widget-container\">\n\t\t\t\t\t<p class=\"elementor-heading-title elementor-size-default\">Un cookie est un petit fichier que les sites Web envoient \u00e0 votre navigateur et\nt\u00e9l\u00e9chargent sur votre ordinateur.\u00a0Les cookies permettent au site Web de stocker et de\nr\u00e9cup\u00e9rer des informations sur votre visite, telles que votre langue pr\u00e9f\u00e9r\u00e9e et d\u2019autres\noptions, afin d\u2019am\u00e9liorer les services offerts et de contribuer \u00e0 une meilleure\nexp\u00e9rience de navigation pour l\u2019utilisateur.<\/p>\t\t\t\t<\/div>\n\t\t\t\t<\/div>\n\t\t\t\t<div class=\"elementor-element elementor-element-c3e2b9c elementor-widget elementor-widget-heading\" data-id=\"c3e2b9c\" data-element_type=\"widget\" data-e-type=\"widget\" data-widget_type=\"heading.default\">\n\t\t\t\t<div class=\"elementor-widget-container\">\n\t\t\t\t\t<p class=\"elementor-heading-title elementor-size-default\">Conform\u00e9ment \u00e0 l\u2019avis de cookie qui appara\u00eet sur le site, l\u2019utilisateur accepte que, en\nnaviguant sur celui-ci, il consent express\u00e9ment \u00e0 l\u2019utilisation de cookies selon la\ndescription d\u00e9taill\u00e9e ci-dessous, sans pr\u00e9judice de la possibilit\u00e9 pour l\u2019utilisateur de\nmodifier la configuration de son navigateur pour refuser l\u2019utilisation de cookies.<\/p>\t\t\t\t<\/div>\n\t\t\t\t<\/div>\n\t\t\t\t<div class=\"elementor-element elementor-element-24aead4 elementor-widget elementor-widget-heading\" data-id=\"24aead4\" data-element_type=\"widget\" data-e-type=\"widget\" data-widget_type=\"heading.default\">\n\t\t\t\t<div class=\"elementor-widget-container\">\n\t\t\t\t\t<p class=\"elementor-heading-title elementor-size-default\">Il existe plusieurs types de cookies :<\/p>\t\t\t\t<\/div>\n\t\t\t\t<\/div>\n\t\t\t\t<div class=\"elementor-element elementor-element-ac462e5 elementor-align-start elementor-icon-list--layout-traditional elementor-list-item-link-full_width elementor-widget elementor-widget-icon-list\" data-id=\"ac462e5\" data-element_type=\"widget\" data-e-type=\"widget\" data-widget_type=\"icon-list.default\">\n\t\t\t\t<div class=\"elementor-widget-container\">\n\t\t\t\t\t\t\t<ul class=\"elementor-icon-list-items\">\n\t\t\t\t\t\t\t<li class=\"elementor-icon-list-item\">\n\t\t\t\t\t\t\t\t\t\t\t<span class=\"elementor-icon-list-icon\">\n\t\t\t\t\t\t\t<i aria-hidden=\"true\" class=\"fas fa-circle\"><\/i>\t\t\t\t\t\t<\/span>\n\t\t\t\t\t\t\t\t\t\t<span class=\"elementor-icon-list-text\">Cookies techniques\u00a0qui\u00a0facilitent la navigation de l\u2019utilisateur et l\u2019utilisation des diff\u00e9rentes options ou services offerts par le site Web tels que l\u2019identification de la session, permettant l\u2019acc\u00e8s \u00e0 certaines zones, facilitant les commandes, les achats, le remplissage de formulaires, les inscriptions, la s\u00e9curit\u00e9, la fourniture de fonctionnalit\u00e9s (telles que, par exemple, celles qui servent \u00e0 m\u00e9moriser les \u00e9l\u00e9ments d\u2019un panier d\u2019achat).<\/span>\n\t\t\t\t\t\t\t\t\t<\/li>\n\t\t\t\t\t\t\t\t<li class=\"elementor-icon-list-item\">\n\t\t\t\t\t\t\t\t\t\t\t<span class=\"elementor-icon-list-icon\">\n\t\t\t\t\t\t\t<i aria-hidden=\"true\" class=\"fas fa-circle\"><\/i>\t\t\t\t\t\t<\/span>\n\t\t\t\t\t\t\t\t\t\t<span class=\"elementor-icon-list-text\">Cookies de personnalisation\u00a0qui permettent \u00e0 l\u2019utilisateur d\u2019acc\u00e9der aux services en fonction de ses pr\u00e9f\u00e9rences, telles que la langue, le navigateur, la configuration ...<\/span>\n\t\t\t\t\t\t\t\t\t<\/li>\n\t\t\t\t\t\t\t\t<li class=\"elementor-icon-list-item\">\n\t\t\t\t\t\t\t\t\t\t\t<span class=\"elementor-icon-list-icon\">\n\t\t\t\t\t\t\t<i aria-hidden=\"true\" class=\"fas fa-circle\"><\/i>\t\t\t\t\t\t<\/span>\n\t\t\t\t\t\t\t\t\t\t<span class=\"elementor-icon-list-text\">Cookies de s\u00e9curit\u00e9: utilis\u00e9s pour pr\u00e9venir ou entraver les attaques contre le site Web.<\/span>\n\t\t\t\t\t\t\t\t\t<\/li>\n\t\t\t\t\t\t\t\t<li class=\"elementor-icon-list-item\">\n\t\t\t\t\t\t\t\t\t\t\t<span class=\"elementor-icon-list-icon\">\n\t\t\t\t\t\t\t<i aria-hidden=\"true\" class=\"fas fa-circle\"><\/i>\t\t\t\t\t\t<\/span>\n\t\t\t\t\t\t\t\t\t\t<span class=\"elementor-icon-list-text\">Compl\u00e9ter les cookies pour \u00e9changer du contenu social: les plug-ins, qui permettent de partager du contenu sur les r\u00e9seaux sociaux.<\/span>\n\t\t\t\t\t\t\t\t\t<\/li>\n\t\t\t\t\t\t\t\t<li class=\"elementor-icon-list-item\">\n\t\t\t\t\t\t\t\t\t\t\t<span class=\"elementor-icon-list-icon\">\n\t\t\t\t\t\t\t<i aria-hidden=\"true\" class=\"fas fa-circle\"><\/i>\t\t\t\t\t\t<\/span>\n\t\t\t\t\t\t\t\t\t\t<span class=\"elementor-icon-list-text\">Cookies d\u2019analyse : permettent au responsable de surveiller le comportement des utilisateurs.<\/span>\n\t\t\t\t\t\t\t\t\t<\/li>\n\t\t\t\t\t\t\t\t<li class=\"elementor-icon-list-item\">\n\t\t\t\t\t\t\t\t\t\t\t<span class=\"elementor-icon-list-icon\">\n\t\t\t\t\t\t\t<i aria-hidden=\"true\" class=\"fas fa-circle\"><\/i>\t\t\t\t\t\t<\/span>\n\t\t\t\t\t\t\t\t\t\t<span class=\"elementor-icon-list-text\">Cookies publicitaires: ils permettent de g\u00e9rer les espaces publicitaires du site.<\/span>\n\t\t\t\t\t\t\t\t\t<\/li>\n\t\t\t\t\t\t\t\t<li class=\"elementor-icon-list-item\">\n\t\t\t\t\t\t\t\t\t\t\t<span class=\"elementor-icon-list-icon\">\n\t\t\t\t\t\t\t<i aria-hidden=\"true\" class=\"fas fa-circle\"><\/i>\t\t\t\t\t\t<\/span>\n\t\t\t\t\t\t\t\t\t\t<span class=\"elementor-icon-list-text\">Cookies de publicit\u00e9 comportementale: comme les pr\u00e9c\u00e9dents, ils servent \u00e0 g\u00e9rer les espaces publicitaires du site Web en fonction des informations collect\u00e9es sur le comportement et les habitudes des utilisateurs, en adaptant la publicit\u00e9 au profil de l\u2019utilisateur.<\/span>\n\t\t\t\t\t\t\t\t\t<\/li>\n\t\t\t\t\t\t\t\t<li class=\"elementor-icon-list-item\">\n\t\t\t\t\t\t\t\t\t\t\t<span class=\"elementor-icon-list-icon\">\n\t\t\t\t\t\t\t<i aria-hidden=\"true\" class=\"fas fa-circle\"><\/i>\t\t\t\t\t\t<\/span>\n\t\t\t\t\t\t\t\t\t\t<span class=\"elementor-icon-list-text\">Cookies de g\u00e9olocalisation : utilis\u00e9s pour conna\u00eetre le pays o\u00f9 se trouve l\u2019utilisateur.<\/span>\n\t\t\t\t\t\t\t\t\t<\/li>\n\t\t\t\t\t\t<\/ul>\n\t\t\t\t\t\t<\/div>\n\t\t\t\t<\/div>\n\t\t\t\t<div class=\"elementor-element elementor-element-28e67a9 elementor-widget elementor-widget-heading\" data-id=\"28e67a9\" data-element_type=\"widget\" data-e-type=\"widget\" data-widget_type=\"heading.default\">\n\t\t\t\t<div class=\"elementor-widget-container\">\n\t\t\t\t\t<h4 class=\"elementor-heading-title elementor-size-default\">Comment modifier vos param\u00e8tres de cookies<\/h4>\t\t\t\t<\/div>\n\t\t\t\t<\/div>\n\t\t\t\t<div class=\"elementor-element elementor-element-9965d18 elementor-widget elementor-widget-heading\" data-id=\"9965d18\" data-element_type=\"widget\" data-e-type=\"widget\" data-widget_type=\"heading.default\">\n\t\t\t\t<div class=\"elementor-widget-container\">\n\t\t\t\t\t<p class=\"elementor-heading-title elementor-size-default\">L\u2019utilisateur peut restreindre, bloquer ou supprimer les cookies\u00a0de\u00a0LOBA\nPATISSERIE\u00a0ou de tout autre site Web \u00e0 l\u2019aide de son navigateur.\u00a0Nous vous\ninformons que vous pouvez activer ou d\u00e9sactiver ces cookies en suivant les\ninstructions de votre navigateur Internet :\n<\/p>\t\t\t\t<\/div>\n\t\t\t\t<\/div>\n\t\t\t\t<div class=\"elementor-element elementor-element-f7473d0 elementor-align-start elementor-icon-list--layout-traditional elementor-list-item-link-full_width elementor-widget elementor-widget-icon-list\" data-id=\"f7473d0\" data-element_type=\"widget\" data-e-type=\"widget\" data-widget_type=\"icon-list.default\">\n\t\t\t\t<div class=\"elementor-widget-container\">\n\t\t\t\t\t\t\t<ul class=\"elementor-icon-list-items\">\n\t\t\t\t\t\t\t<li class=\"elementor-icon-list-item\">\n\t\t\t\t\t\t\t\t\t\t\t<span class=\"elementor-icon-list-icon\">\n\t\t\t\t\t\t\t<i aria-hidden=\"true\" class=\"fas fa-circle\"><\/i>\t\t\t\t\t\t<\/span>\n\t\t\t\t\t\t\t\t\t\t<span class=\"elementor-icon-list-text\">Google Chrome: Param\u00e8tres -&gt; Afficher les options avanc\u00e9es -&gt; Confidentialit\u00e9 -&gt; Param\u00e8tres de contenu.<\/span>\n\t\t\t\t\t\t\t\t\t<\/li>\n\t\t\t\t\t\t\t\t<li class=\"elementor-icon-list-item\">\n\t\t\t\t\t\t\t\t\t\t\t<span class=\"elementor-icon-list-icon\">\n\t\t\t\t\t\t\t<i aria-hidden=\"true\" class=\"fas fa-circle\"><\/i>\t\t\t\t\t\t<\/span>\n\t\t\t\t\t\t\t\t\t\t<span class=\"elementor-icon-list-text\">Mozzilla Firefox: Outils -Options &gt; -&gt;\u00a0Confidentialit\u00e9 -Historique &gt; -&gt; Param\u00e8tres personnalis\u00e9s.<\/span>\n\t\t\t\t\t\t\t\t\t<\/li>\n\t\t\t\t\t\t\t\t<li class=\"elementor-icon-list-item\">\n\t\t\t\t\t\t\t\t\t\t\t<span class=\"elementor-icon-list-icon\">\n\t\t\t\t\t\t\t<i aria-hidden=\"true\" class=\"fas fa-circle\"><\/i>\t\t\t\t\t\t<\/span>\n\t\t\t\t\t\t\t\t\t\t<span class=\"elementor-icon-list-text\">Internet\u00a0Explorer\u00a0: Outils &gt; Options Internet &gt; Confidentialit\u00e9 &gt; param\u00e8tres.<\/span>\n\t\t\t\t\t\t\t\t\t<\/li>\n\t\t\t\t\t\t\t\t<li class=\"elementor-icon-list-item\">\n\t\t\t\t\t\t\t\t\t\t\t<span class=\"elementor-icon-list-icon\">\n\t\t\t\t\t\t\t<i aria-hidden=\"true\" class=\"fas fa-circle\"><\/i>\t\t\t\t\t\t<\/span>\n\t\t\t\t\t\t\t\t\t\t<span class=\"elementor-icon-list-text\">Safari\u00a0: Pr\u00e9f\u00e9rences -&gt; s\u00e9curit\u00e9.<\/span>\n\t\t\t\t\t\t\t\t\t<\/li>\n\t\t\t\t\t\t\t\t<li class=\"elementor-icon-list-item\">\n\t\t\t\t\t\t\t\t\t\t\t<span class=\"elementor-icon-list-icon\">\n\t\t\t\t\t\t\t<i aria-hidden=\"true\" class=\"fas fa-circle\"><\/i>\t\t\t\t\t\t<\/span>\n\t\t\t\t\t\t\t\t\t\t<span class=\"elementor-icon-list-text\">Opera :\u00a0Outils -&gt; Pr\u00e9f\u00e9rences\u00a0-&gt; Modifier les pr\u00e9f\u00e9rences &gt; les cookies<\/span>\n\t\t\t\t\t\t\t\t\t<\/li>\n\t\t\t\t\t\t<\/ul>\n\t\t\t\t\t\t<\/div>\n\t\t\t\t<\/div>\n\t\t\t\t<div class=\"elementor-element elementor-element-5dc1d3c elementor-widget elementor-widget-heading\" data-id=\"5dc1d3c\" data-element_type=\"widget\" data-e-type=\"widget\" data-widget_type=\"heading.default\">\n\t\t\t\t<div class=\"elementor-widget-container\">\n\t\t\t\t\t<p class=\"elementor-heading-title elementor-size-default\">Pour plus d\u2019informations, vous pouvez consulter l\u2019aide de votre navigateur ou les pages\nde support de celui-ci.\u00a0La d\u00e9sactivation des cookies peut ne pas entra\u00eener le bon\nfonctionnement du site Web ou vous ne pourrez peut-\u00eatre pas acc\u00e9der \u00e0 certaines\nfonctionnalit\u00e9s du site Web.\n\u00a0<\/p>\t\t\t\t<\/div>\n\t\t\t\t<\/div>\n\t\t\t\t<div class=\"elementor-element elementor-element-58b7234 elementor-widget elementor-widget-heading\" data-id=\"58b7234\" data-element_type=\"widget\" data-e-type=\"widget\" data-widget_type=\"heading.default\">\n\t\t\t\t<div class=\"elementor-widget-container\">\n\t\t\t\t\t<p class=\"elementor-heading-title elementor-size-default\"><strong>LOBA PATISSERIE<\/strong>\u00a0se r\u00e9serve express\u00e9ment le droit de modifier unilat\u00e9ralement,\ntotalement ou partiellement, sans pr\u00e9avis, la pr\u00e9sente Politique de\nCookies.\u00a0L\u2019utilisateur reconna\u00eet et accepte qu\u2019il soit de sa responsabilit\u00e9 de consulter\ncette politique de cookies.<\/p>\t\t\t\t<\/div>\n\t\t\t\t<\/div>\n\t\t\t\t\t<\/div>\n\t\t<\/div>\n\t\t\t\t\t<\/div>\n\t\t<\/section>\n\t\t\t\t<\/div>\n\t\t","protected":false},"excerpt":{"rendered":"<p>POLITIQUE DE COOKIES Informations sur l\u2019utilisation des cookies Les cookies sont de br\u00e8ves informations qui sont envoy\u00e9es et stock\u00e9es sur le disque dur de l\u2019ordinateur de l\u2019UTILISATEUR via son navigateur lorsqu\u2019il se connecte \u00e0 une page Web.\u00a0Conform\u00e9ment au devoir d\u2019information contenu dans la section 2 de l\u2019article 22 de la loi 34\/2002, du 11 juillet, [&hellip;]<\/p>\n","protected":false},"author":2,"featured_media":0,"parent":0,"menu_order":0,"comment_status":"closed","ping_status":"closed","template":"elementor_header_footer","meta":{"footnotes":""},"class_list":["post-1084","page","type-page","status-publish","hentry"],"yoast_head":"<!-- This site is optimized with the Yoast SEO plugin v27.4 - https:\/\/yoast.com\/product\/yoast-seo-wordpress\/ -->\n<title>Politique de cookies - Loba Patisserie<\/title>\n<meta name=\"robots\" content=\"index, follow, max-snippet:-1, max-image-preview:large, max-video-preview:-1\" \/>\n<link rel=\"canonical\" href=\"https:\/\/lobapatisserie.com\/fr\/politique-de-cookies\/\" \/>\n<meta property=\"og:locale\" content=\"fr_FR\" \/>\n<meta property=\"og:type\" content=\"article\" \/>\n<meta property=\"og:title\" content=\"Politique de cookies - Loba Patisserie\" \/>\n<meta property=\"og:description\" content=\"POLITIQUE DE COOKIES Informations sur l\u2019utilisation des cookies Les cookies sont de br\u00e8ves informations qui sont envoy\u00e9es et stock\u00e9es sur le disque dur de l\u2019ordinateur de l\u2019UTILISATEUR via son navigateur lorsqu\u2019il se connecte \u00e0 une page Web.\u00a0Conform\u00e9ment au devoir d\u2019information contenu dans la section 2 de l\u2019article 22 de la loi 34\/2002, du 11 juillet, [&hellip;]\" \/>\n<meta property=\"og:url\" content=\"https:\/\/lobapatisserie.com\/fr\/politique-de-cookies\/\" \/>\n<meta property=\"og:site_name\" content=\"Loba Patisserie\" \/>\n<meta property=\"article:modified_time\" content=\"2023-04-11T10:50:00+00:00\" \/>\n<meta name=\"twitter:card\" content=\"summary_large_image\" \/>\n<meta name=\"twitter:label1\" content=\"Dur\u00e9e de lecture estim\u00e9e\" \/>\n\t<meta name=\"twitter:data1\" content=\"3 minutes\" \/>\n<script type=\"application\/ld+json\" class=\"yoast-schema-graph\">{\"@context\":\"https:\\\/\\\/schema.org\",\"@graph\":[{\"@type\":\"WebPage\",\"@id\":\"https:\\\/\\\/lobapatisserie.com\\\/fr\\\/politique-de-cookies\\\/\",\"url\":\"https:\\\/\\\/lobapatisserie.com\\\/fr\\\/politique-de-cookies\\\/\",\"name\":\"Politique de cookies - Loba Patisserie\",\"isPartOf\":{\"@id\":\"https:\\\/\\\/lobapatisserie.com\\\/fr\\\/#website\"},\"datePublished\":\"2023-01-16T14:43:36+00:00\",\"dateModified\":\"2023-04-11T10:50:00+00:00\",\"breadcrumb\":{\"@id\":\"https:\\\/\\\/lobapatisserie.com\\\/fr\\\/politique-de-cookies\\\/#breadcrumb\"},\"inLanguage\":\"fr-FR\",\"potentialAction\":[{\"@type\":\"ReadAction\",\"target\":[\"https:\\\/\\\/lobapatisserie.com\\\/fr\\\/politique-de-cookies\\\/\"]}]},{\"@type\":\"BreadcrumbList\",\"@id\":\"https:\\\/\\\/lobapatisserie.com\\\/fr\\\/politique-de-cookies\\\/#breadcrumb\",\"itemListElement\":[{\"@type\":\"ListItem\",\"position\":1,\"name\":\"Home\",\"item\":\"https:\\\/\\\/lobapatisserie.com\\\/fr\\\/\"},{\"@type\":\"ListItem\",\"position\":2,\"name\":\"Politique de cookies\"}]},{\"@type\":\"WebSite\",\"@id\":\"https:\\\/\\\/lobapatisserie.com\\\/fr\\\/#website\",\"url\":\"https:\\\/\\\/lobapatisserie.com\\\/fr\\\/\",\"name\":\"Loba Patisserie\",\"description\":\"Vegan Patisserie based in Paris, France\",\"potentialAction\":[{\"@type\":\"SearchAction\",\"target\":{\"@type\":\"EntryPoint\",\"urlTemplate\":\"https:\\\/\\\/lobapatisserie.com\\\/fr\\\/?s={search_term_string}\"},\"query-input\":{\"@type\":\"PropertyValueSpecification\",\"valueRequired\":true,\"valueName\":\"search_term_string\"}}],\"inLanguage\":\"fr-FR\"}]}<\/script>\n<!-- \/ Yoast SEO plugin. -->","yoast_head_json":{"title":"Politique de cookies - Loba Patisserie","robots":{"index":"index","follow":"follow","max-snippet":"max-snippet:-1","max-image-preview":"max-image-preview:large","max-video-preview":"max-video-preview:-1"},"canonical":"https:\/\/lobapatisserie.com\/fr\/politique-de-cookies\/","og_locale":"fr_FR","og_type":"article","og_title":"Politique de cookies - Loba Patisserie","og_description":"POLITIQUE DE COOKIES Informations sur l\u2019utilisation des cookies Les cookies sont de br\u00e8ves informations qui sont envoy\u00e9es et stock\u00e9es sur le disque dur de l\u2019ordinateur de l\u2019UTILISATEUR via son navigateur lorsqu\u2019il se connecte \u00e0 une page Web.\u00a0Conform\u00e9ment au devoir d\u2019information contenu dans la section 2 de l\u2019article 22 de la loi 34\/2002, du 11 juillet, [&hellip;]","og_url":"https:\/\/lobapatisserie.com\/fr\/politique-de-cookies\/","og_site_name":"Loba Patisserie","article_modified_time":"2023-04-11T10:50:00+00:00","twitter_card":"summary_large_image","twitter_misc":{"Dur\u00e9e de lecture estim\u00e9e":"3 minutes"},"schema":{"@context":"https:\/\/schema.org","@graph":[{"@type":"WebPage","@id":"https:\/\/lobapatisserie.com\/fr\/politique-de-cookies\/","url":"https:\/\/lobapatisserie.com\/fr\/politique-de-cookies\/","name":"Politique de cookies - Loba Patisserie","isPartOf":{"@id":"https:\/\/lobapatisserie.com\/fr\/#website"},"datePublished":"2023-01-16T14:43:36+00:00","dateModified":"2023-04-11T10:50:00+00:00","breadcrumb":{"@id":"https:\/\/lobapatisserie.com\/fr\/politique-de-cookies\/#breadcrumb"},"inLanguage":"fr-FR","potentialAction":[{"@type":"ReadAction","target":["https:\/\/lobapatisserie.com\/fr\/politique-de-cookies\/"]}]},{"@type":"BreadcrumbList","@id":"https:\/\/lobapatisserie.com\/fr\/politique-de-cookies\/#breadcrumb","itemListElement":[{"@type":"ListItem","position":1,"name":"Home","item":"https:\/\/lobapatisserie.com\/fr\/"},{"@type":"ListItem","position":2,"name":"Politique de cookies"}]},{"@type":"WebSite","@id":"https:\/\/lobapatisserie.com\/fr\/#website","url":"https:\/\/lobapatisserie.com\/fr\/","name":"Loba Patisserie","description":"Vegan Patisserie based in Paris, France","potentialAction":[{"@type":"SearchAction","target":{"@type":"EntryPoint","urlTemplate":"https:\/\/lobapatisserie.com\/fr\/?s={search_term_string}"},"query-input":{"@type":"PropertyValueSpecification","valueRequired":true,"valueName":"search_term_string"}}],"inLanguage":"fr-FR"}]}},"_links":{"self":[{"href":"https:\/\/lobapatisserie.com\/fr\/wp-json\/wp\/v2\/pages\/1084","targetHints":{"allow":["GET"]}}],"collection":[{"href":"https:\/\/lobapatisserie.com\/fr\/wp-json\/wp\/v2\/pages"}],"about":[{"href":"https:\/\/lobapatisserie.com\/fr\/wp-json\/wp\/v2\/types\/page"}],"author":[{"embeddable":true,"href":"https:\/\/lobapatisserie.com\/fr\/wp-json\/wp\/v2\/users\/2"}],"replies":[{"embeddable":true,"href":"https:\/\/lobapatisserie.com\/fr\/wp-json\/wp\/v2\/comments?post=1084"}],"version-history":[{"count":5,"href":"https:\/\/lobapatisserie.com\/fr\/wp-json\/wp\/v2\/pages\/1084\/revisions"}],"predecessor-version":[{"id":1111,"href":"https:\/\/lobapatisserie.com\/fr\/wp-json\/wp\/v2\/pages\/1084\/revisions\/1111"}],"wp:attachment":[{"href":"https:\/\/lobapatisserie.com\/fr\/wp-json\/wp\/v2\/media?parent=1084"}],"curies":[{"name":"wp","href":"https:\/\/api.w.org\/{rel}","templated":true}]}}