{"id":1068,"date":"2023-01-16T15:34:26","date_gmt":"2023-01-16T14:34:26","guid":{"rendered":"https:\/\/lobapatisserie.com\/consulting-collaborations\/"},"modified":"2025-05-14T18:17:55","modified_gmt":"2025-05-14T16:17:55","slug":"consulting-collaborations","status":"publish","type":"page","link":"https:\/\/lobapatisserie.com\/fr\/consulting-collaborations\/","title":{"rendered":"Consulting et collaborations"},"content":{"rendered":"\t\t<div data-elementor-type=\"wp-page\" data-elementor-id=\"1068\" class=\"elementor elementor-1068 elementor-349\" data-elementor-post-type=\"page\">\n\t\t\t\t\t\t<section class=\"elementor-section elementor-top-section elementor-element elementor-element-5adc6ccb elementor-section-full_width elementor-section-height-full elementor-section-items-stretch elementor-reverse-tablet elementor-reverse-mobile elementor-section-height-default\" data-id=\"5adc6ccb\" data-element_type=\"section\" data-e-type=\"section\" data-settings=\"{&quot;background_background&quot;:&quot;classic&quot;}\">\n\t\t\t\t\t\t\t<div class=\"elementor-background-overlay\"><\/div>\n\t\t\t\t\t\t\t<div class=\"elementor-container elementor-column-gap-no\">\n\t\t\t\t\t<div class=\"elementor-column elementor-col-50 elementor-top-column elementor-element elementor-element-4e6d7b1c\" data-id=\"4e6d7b1c\" data-element_type=\"column\" data-e-type=\"column\" data-settings=\"{&quot;background_background&quot;:&quot;classic&quot;}\">\n\t\t\t<div class=\"elementor-widget-wrap elementor-element-populated\">\n\t\t\t\t\t\t<section class=\"elementor-section elementor-inner-section elementor-element elementor-element-268c1d5c elementor-section-height-min-height elementor-section-content-middle desplazar-derecha elementor-section-boxed elementor-section-height-default\" data-id=\"268c1d5c\" data-element_type=\"section\" data-e-type=\"section\">\n\t\t\t\t\t\t<div class=\"elementor-container elementor-column-gap-default\">\n\t\t\t\t\t<div class=\"elementor-column elementor-col-100 elementor-inner-column elementor-element elementor-element-34fca8fd\" data-id=\"34fca8fd\" data-element_type=\"column\" data-e-type=\"column\" data-settings=\"{&quot;background_background&quot;:&quot;classic&quot;}\">\n\t\t\t<div class=\"elementor-widget-wrap elementor-element-populated\">\n\t\t\t\t\t\t<div class=\"elementor-element elementor-element-65f3b11b elementor-widget-tablet__width-initial elementor-widget elementor-widget-heading\" data-id=\"65f3b11b\" data-element_type=\"widget\" data-e-type=\"widget\" data-widget_type=\"heading.default\">\n\t\t\t\t<div class=\"elementor-widget-container\">\n\t\t\t\t\t<h1 class=\"elementor-heading-title elementor-size-default\">CONSULTING &amp; COLLABORATIONS<\/h1>\t\t\t\t<\/div>\n\t\t\t\t<\/div>\n\t\t\t\t<div class=\"elementor-element elementor-element-130c966 elementor-widget__width-initial elementor-widget elementor-widget-heading\" data-id=\"130c966\" data-element_type=\"widget\" data-e-type=\"widget\" data-widget_type=\"heading.default\">\n\t\t\t\t<div class=\"elementor-widget-container\">\n\t\t\t\t\t<p class=\"elementor-heading-title elementor-size-default\">J\u2019utilise mon savoir-faire pour aider mes clients \u00e0 am\u00e9liorer la qualit\u00e9 de leurs produits ou \u00e0 en cr\u00e9er de nouveaux. Je travaille avec des restaurants, des chefs, des p\u00e2tisseries ainsi qu\u2019avec des acteurs de l\u2019industrie agroalimentaire.<\/p>\t\t\t\t<\/div>\n\t\t\t\t<\/div>\n\t\t\t\t\t<\/div>\n\t\t<\/div>\n\t\t\t\t\t<\/div>\n\t\t<\/section>\n\t\t\t\t\t<\/div>\n\t\t<\/div>\n\t\t\t\t<div class=\"elementor-column elementor-col-50 elementor-top-column elementor-element elementor-element-4798a38a\" data-id=\"4798a38a\" data-element_type=\"column\" data-e-type=\"column\" data-settings=\"{&quot;background_background&quot;:&quot;classic&quot;}\">\n\t\t\t<div class=\"elementor-widget-wrap elementor-element-populated\">\n\t\t\t\t\t\t\t<\/div>\n\t\t<\/div>\n\t\t\t\t\t<\/div>\n\t\t<\/section>\n\t\t\t\t<section class=\"elementor-section elementor-top-section elementor-element elementor-element-dfa89a6 elementor-section-boxed elementor-section-height-default elementor-section-height-default\" data-id=\"dfa89a6\" data-element_type=\"section\" data-e-type=\"section\">\n\t\t\t\t\t\t<div class=\"elementor-container elementor-column-gap-default\">\n\t\t\t\t\t<div class=\"elementor-column elementor-col-100 elementor-top-column elementor-element elementor-element-91f3c61\" data-id=\"91f3c61\" data-element_type=\"column\" data-e-type=\"column\">\n\t\t\t<div class=\"elementor-widget-wrap elementor-element-populated\">\n\t\t\t\t\t\t<div class=\"elementor-element elementor-element-c374c1a elementor-widget elementor-widget-spacer\" data-id=\"c374c1a\" data-element_type=\"widget\" data-e-type=\"widget\" data-widget_type=\"spacer.default\">\n\t\t\t\t<div class=\"elementor-widget-container\">\n\t\t\t\t\t\t\t<div class=\"elementor-spacer\">\n\t\t\t<div class=\"elementor-spacer-inner\"><\/div>\n\t\t<\/div>\n\t\t\t\t\t\t<\/div>\n\t\t\t\t<\/div>\n\t\t\t\t\t<\/div>\n\t\t<\/div>\n\t\t\t\t\t<\/div>\n\t\t<\/section>\n\t\t\t\t<section class=\"elementor-section elementor-top-section elementor-element elementor-element-416d9617 elementor-section-boxed elementor-section-height-default elementor-section-height-default\" data-id=\"416d9617\" data-element_type=\"section\" data-e-type=\"section\">\n\t\t\t\t\t\t<div class=\"elementor-container elementor-column-gap-default\">\n\t\t\t\t\t<div class=\"elementor-column elementor-col-50 elementor-top-column elementor-element elementor-element-6606cf95\" data-id=\"6606cf95\" data-element_type=\"column\" data-e-type=\"column\">\n\t\t\t<div class=\"elementor-widget-wrap elementor-element-populated\">\n\t\t\t\t\t\t<div class=\"elementor-element elementor-element-69b5c9f elementor-widget elementor-widget-spacer\" data-id=\"69b5c9f\" data-element_type=\"widget\" data-e-type=\"widget\" data-widget_type=\"spacer.default\">\n\t\t\t\t<div class=\"elementor-widget-container\">\n\t\t\t\t\t\t\t<div class=\"elementor-spacer\">\n\t\t\t<div class=\"elementor-spacer-inner\"><\/div>\n\t\t<\/div>\n\t\t\t\t\t\t<\/div>\n\t\t\t\t<\/div>\n\t\t\t\t<div class=\"elementor-element elementor-element-696da3d4 elementor-widget__width-initial elementor-widget elementor-widget-image\" data-id=\"696da3d4\" data-element_type=\"widget\" data-e-type=\"widget\" data-widget_type=\"image.default\">\n\t\t\t\t<div class=\"elementor-widget-container\">\n\t\t\t\t\t\t\t\t\t\t\t\t\t\t\t<img decoding=\"async\" src=\"https:\/\/lobapatisserie.com\/wp-content\/uploads\/2024\/06\/Loba-BBMF-20233454-1-scaled.jpg\" title=\"\" alt=\"\" loading=\"lazy\" \/>\t\t\t\t\t\t\t\t\t\t\t\t\t\t\t<\/div>\n\t\t\t\t<\/div>\n\t\t\t\t\t<\/div>\n\t\t<\/div>\n\t\t\t\t<div class=\"elementor-column elementor-col-50 elementor-top-column elementor-element elementor-element-52d03db5\" data-id=\"52d03db5\" data-element_type=\"column\" data-e-type=\"column\">\n\t\t\t<div class=\"elementor-widget-wrap elementor-element-populated\">\n\t\t\t\t\t\t<div class=\"elementor-element elementor-element-5f858aa0 elementor-widget elementor-widget-text-editor\" data-id=\"5f858aa0\" data-element_type=\"widget\" data-e-type=\"widget\" data-widget_type=\"text-editor.default\">\n\t\t\t\t<div class=\"elementor-widget-container\">\n\t\t\t\t\t\t\t\t\t<p>Mes offres de consulting sont con\u00e7ues sur mesure afin de r\u00e9pondre au mieux <strong>aux besoins de chaque client<\/strong> : je cr\u00e9e de nouveaux menus pour des restaurants, des desserts individuels pour des p\u00e2tisseries, des recettes \u00e9labor\u00e9es \u00e0 partir des ingr\u00e9dients de mes clients, et j\u2019accompagne \u00e9galement le d\u00e9veloppement de nouveaux produits et ingr\u00e9dients.<\/p>\t\t\t\t\t\t\t\t<\/div>\n\t\t\t\t<\/div>\n\t\t\t\t<div class=\"elementor-element elementor-element-32c29494 elementor-widget elementor-widget-image\" data-id=\"32c29494\" data-element_type=\"widget\" data-e-type=\"widget\" data-widget_type=\"image.default\">\n\t\t\t\t<div class=\"elementor-widget-container\">\n\t\t\t\t\t\t\t\t\t\t\t\t\t\t\t<img fetchpriority=\"high\" decoding=\"async\" width=\"800\" height=\"600\" src=\"https:\/\/lobapatisserie.com\/wp-content\/uploads\/2024\/06\/contact-us-1-scaled-e1747233384307.jpg\" class=\"attachment-large size-large wp-image-1587\" alt=\"\" \/>\t\t\t\t\t\t\t\t\t\t\t\t\t\t\t<\/div>\n\t\t\t\t<\/div>\n\t\t\t\t\t<\/div>\n\t\t<\/div>\n\t\t\t\t\t<\/div>\n\t\t<\/section>\n\t\t\t\t<section class=\"elementor-section elementor-top-section elementor-element elementor-element-1ee6ea22 elementor-section-boxed elementor-section-height-default elementor-section-height-default\" data-id=\"1ee6ea22\" data-element_type=\"section\" data-e-type=\"section\">\n\t\t\t\t\t\t<div class=\"elementor-container elementor-column-gap-default\">\n\t\t\t\t\t<div class=\"elementor-column elementor-col-100 elementor-top-column elementor-element elementor-element-710aed6f\" data-id=\"710aed6f\" data-element_type=\"column\" data-e-type=\"column\">\n\t\t\t<div class=\"elementor-widget-wrap elementor-element-populated\">\n\t\t\t\t\t\t<div class=\"elementor-element elementor-element-2562eb25 elementor-widget elementor-widget-spacer\" data-id=\"2562eb25\" data-element_type=\"widget\" data-e-type=\"widget\" data-widget_type=\"spacer.default\">\n\t\t\t\t<div class=\"elementor-widget-container\">\n\t\t\t\t\t\t\t<div class=\"elementor-spacer\">\n\t\t\t<div class=\"elementor-spacer-inner\"><\/div>\n\t\t<\/div>\n\t\t\t\t\t\t<\/div>\n\t\t\t\t<\/div>\n\t\t\t\t\t<\/div>\n\t\t<\/div>\n\t\t\t\t\t<\/div>\n\t\t<\/section>\n\t\t\t\t<section class=\"elementor-section elementor-top-section elementor-element elementor-element-7f3613a6 elementor-section-boxed elementor-section-height-default elementor-section-height-default\" data-id=\"7f3613a6\" data-element_type=\"section\" data-e-type=\"section\">\n\t\t\t\t\t\t\t<div class=\"elementor-background-overlay\"><\/div>\n\t\t\t\t\t\t\t<div class=\"elementor-container elementor-column-gap-default\">\n\t\t\t\t\t<div class=\"elementor-column elementor-col-100 elementor-top-column elementor-element elementor-element-51414cec\" data-id=\"51414cec\" data-element_type=\"column\" data-e-type=\"column\">\n\t\t\t<div class=\"elementor-widget-wrap elementor-element-populated\">\n\t\t\t\t\t\t<section class=\"elementor-section elementor-inner-section elementor-element elementor-element-4f9e047 elementor-section-boxed elementor-section-height-default elementor-section-height-default\" data-id=\"4f9e047\" data-element_type=\"section\" data-e-type=\"section\">\n\t\t\t\t\t\t<div class=\"elementor-container elementor-column-gap-default\">\n\t\t\t\t\t<div class=\"elementor-column elementor-col-50 elementor-inner-column elementor-element elementor-element-637c1671\" data-id=\"637c1671\" data-element_type=\"column\" data-e-type=\"column\">\n\t\t\t<div class=\"elementor-widget-wrap elementor-element-populated\">\n\t\t\t\t\t\t<div class=\"elementor-element elementor-element-554a163a elementor-widget elementor-widget-text-editor\" data-id=\"554a163a\" data-element_type=\"widget\" data-e-type=\"widget\" data-settings=\"{&quot;_animation&quot;:&quot;none&quot;}\" data-widget_type=\"text-editor.default\">\n\t\t\t\t<div class=\"elementor-widget-container\">\n\t\t\t\t\t\t\t\t\t<p>La p\u00e2tisserie v\u00e9g\u00e9tale ne se r\u00e9sume pas \u00e0 de simples substitutions rapides : elle requiert du temps, de la <strong>recherche<\/strong> et de la rigueur pour \u00e9laborer les meilleurs ingr\u00e9dients et techniques, dans un domaine encore largement inexplor\u00e9.<\/p><p>Je mets \u00e0 votre disposition mon expertise et plusieurs ann\u00e9es d\u2019exp\u00e9rience pour accompagner le d\u00e9veloppement de votre projet, tout en vous faisant <strong>gagner un temps pr\u00e9cieux<\/strong>.<\/p>\t\t\t\t\t\t\t\t<\/div>\n\t\t\t\t<\/div>\n\t\t\t\t<section class=\"elementor-section elementor-inner-section elementor-element elementor-element-5f5bfe5b elementor-section-boxed elementor-section-height-default elementor-section-height-default\" data-id=\"5f5bfe5b\" data-element_type=\"section\" data-e-type=\"section\">\n\t\t\t\t\t\t<div class=\"elementor-container elementor-column-gap-default\">\n\t\t\t\t\t<div class=\"elementor-column elementor-col-50 elementor-inner-column elementor-element elementor-element-265c9103\" data-id=\"265c9103\" data-element_type=\"column\" data-e-type=\"column\">\n\t\t\t<div class=\"elementor-widget-wrap elementor-element-populated\">\n\t\t\t\t\t\t<div class=\"elementor-element elementor-element-71658145 animated-slow elementor-invisible elementor-widget elementor-widget-text-editor\" data-id=\"71658145\" data-element_type=\"widget\" data-e-type=\"widget\" data-settings=\"{&quot;_animation&quot;:&quot;fadeInLeft&quot;,&quot;_animation_delay&quot;:10}\" data-widget_type=\"text-editor.default\">\n\t\t\t\t<div class=\"elementor-widget-container\">\n\t\t\t\t\t\t\t\t\t<p><img decoding=\"async\" class=\"alignnone size-full wp-image-501\" src=\"https:\/\/lobapatisserie.com\/wp-content\/uploads\/2023\/01\/mancha-loba-tiny.png\" alt=\"\" width=\"500\" height=\"386\" \/><\/p>\t\t\t\t\t\t\t\t<\/div>\n\t\t\t\t<\/div>\n\t\t\t\t\t<\/div>\n\t\t<\/div>\n\t\t\t\t<div class=\"elementor-column elementor-col-50 elementor-inner-column elementor-element elementor-element-255b0cc6\" data-id=\"255b0cc6\" data-element_type=\"column\" data-e-type=\"column\">\n\t\t\t<div class=\"elementor-widget-wrap\">\n\t\t\t\t\t\t\t<\/div>\n\t\t<\/div>\n\t\t\t\t\t<\/div>\n\t\t<\/section>\n\t\t\t\t\t<\/div>\n\t\t<\/div>\n\t\t\t\t<div class=\"elementor-column elementor-col-50 elementor-inner-column elementor-element elementor-element-22051b92\" data-id=\"22051b92\" data-element_type=\"column\" data-e-type=\"column\">\n\t\t\t<div class=\"elementor-widget-wrap elementor-element-populated\">\n\t\t\t\t\t\t<div class=\"elementor-element elementor-element-256a4397 elementor-widget elementor-widget-image\" data-id=\"256a4397\" data-element_type=\"widget\" data-e-type=\"widget\" data-widget_type=\"image.default\">\n\t\t\t\t<div class=\"elementor-widget-container\">\n\t\t\t\t\t\t\t\t\t\t\t\t\t\t\t<img decoding=\"async\" width=\"800\" height=\"962\" src=\"https:\/\/lobapatisserie.com\/wp-content\/uploads\/2024\/06\/IMG_0474.jpg\" class=\"attachment-large size-large wp-image-1507\" alt=\"\" srcset=\"https:\/\/lobapatisserie.com\/wp-content\/uploads\/2024\/06\/IMG_0474.jpg 1863w, https:\/\/lobapatisserie.com\/wp-content\/uploads\/2024\/06\/IMG_0474-768x923.jpg 768w, https:\/\/lobapatisserie.com\/wp-content\/uploads\/2024\/06\/IMG_0474-1277x1536.jpg 1277w, https:\/\/lobapatisserie.com\/wp-content\/uploads\/2024\/06\/IMG_0474-1703x2048.jpg 1703w\" sizes=\"(max-width: 800px) 100vw, 800px\" \/>\t\t\t\t\t\t\t\t\t\t\t\t\t\t\t<\/div>\n\t\t\t\t<\/div>\n\t\t\t\t\t<\/div>\n\t\t<\/div>\n\t\t\t\t\t<\/div>\n\t\t<\/section>\n\t\t\t\t\t<\/div>\n\t\t<\/div>\n\t\t\t\t\t<\/div>\n\t\t<\/section>\n\t\t\t\t<section class=\"elementor-section elementor-top-section elementor-element elementor-element-11acadc elementor-section-boxed elementor-section-height-default elementor-section-height-default\" data-id=\"11acadc\" data-element_type=\"section\" data-e-type=\"section\">\n\t\t\t\t\t\t<div class=\"elementor-container elementor-column-gap-default\">\n\t\t\t\t\t<div class=\"elementor-column elementor-col-100 elementor-top-column elementor-element elementor-element-cce070a\" data-id=\"cce070a\" data-element_type=\"column\" data-e-type=\"column\">\n\t\t\t<div class=\"elementor-widget-wrap\">\n\t\t\t\t\t\t\t<\/div>\n\t\t<\/div>\n\t\t\t\t\t<\/div>\n\t\t<\/section>\n\t\t\t\t<section class=\"elementor-section elementor-top-section elementor-element elementor-element-c39c000 elementor-section-height-min-height elementor-section-boxed elementor-section-height-default elementor-section-items-middle\" data-id=\"c39c000\" data-element_type=\"section\" data-e-type=\"section\" data-settings=\"{&quot;background_background&quot;:&quot;classic&quot;}\">\n\t\t\t\t\t\t<div class=\"elementor-container elementor-column-gap-default\">\n\t\t\t\t\t<div class=\"elementor-column elementor-col-50 elementor-top-column elementor-element elementor-element-b1c05a7\" data-id=\"b1c05a7\" data-element_type=\"column\" data-e-type=\"column\" data-settings=\"{&quot;background_background&quot;:&quot;classic&quot;}\">\n\t\t\t<div class=\"elementor-widget-wrap elementor-element-populated\">\n\t\t\t\t\t\t<div class=\"elementor-element elementor-element-9fb6106 elementor-widget elementor-widget-heading\" data-id=\"9fb6106\" data-element_type=\"widget\" data-e-type=\"widget\" data-widget_type=\"heading.default\">\n\t\t\t\t<div class=\"elementor-widget-container\">\n\t\t\t\t\t<h4 class=\"elementor-heading-title elementor-size-default\">Je travaille partout dans le monde ! Mes services sont disponibles en Anglais, Fran\u00e7ais et Italien.  \n<\/h4>\t\t\t\t<\/div>\n\t\t\t\t<\/div>\n\t\t\t\t<div class=\"elementor-element elementor-element-f48449b elementor-widget elementor-widget-heading\" data-id=\"f48449b\" data-element_type=\"widget\" data-e-type=\"widget\" data-widget_type=\"heading.default\">\n\t\t\t\t<div class=\"elementor-widget-container\">\n\t\t\t\t\t<h4 class=\"elementor-heading-title elementor-size-default\"><strong>Contactez-moi<\/strong> pour savoir comment nous pouvons collaborer et comment je peux vous accompagner dans vos projets.<\/h4>\t\t\t\t<\/div>\n\t\t\t\t<\/div>\n\t\t\t\t<div class=\"elementor-element elementor-element-1d743ae elementor-align-center elementor-widget elementor-widget-button\" data-id=\"1d743ae\" data-element_type=\"widget\" data-e-type=\"widget\" data-widget_type=\"button.default\">\n\t\t\t\t<div class=\"elementor-widget-container\">\n\t\t\t\t\t\t\t\t\t<div class=\"elementor-button-wrapper\">\n\t\t\t\t\t<a class=\"elementor-button elementor-button-link elementor-size-sm elementor-animation-float\" href=\"https:\/\/lobapatisserie.com\/fr\/contact\/\">\n\t\t\t\t\t\t<span class=\"elementor-button-content-wrapper\">\n\t\t\t\t\t\t\t\t\t<span class=\"elementor-button-text\">Contactez-moi <\/span>\n\t\t\t\t\t<\/span>\n\t\t\t\t\t<\/a>\n\t\t\t\t<\/div>\n\t\t\t\t\t\t\t\t<\/div>\n\t\t\t\t<\/div>\n\t\t\t\t\t<\/div>\n\t\t<\/div>\n\t\t\t\t<div class=\"elementor-column elementor-col-50 elementor-top-column elementor-element elementor-element-7354f59\" data-id=\"7354f59\" data-element_type=\"column\" data-e-type=\"column\">\n\t\t\t<div class=\"elementor-widget-wrap\">\n\t\t\t\t\t\t\t<\/div>\n\t\t<\/div>\n\t\t\t\t\t<\/div>\n\t\t<\/section>\n\t\t\t\t<\/div>\n\t\t","protected":false},"excerpt":{"rendered":"<p>CONSULTING &amp; COLLABORATIONS J\u2019utilise mon savoir-faire pour aider mes clients \u00e0 am\u00e9liorer la qualit\u00e9 de leurs produits ou \u00e0 en cr\u00e9er de nouveaux. Je travaille avec des restaurants, des chefs, des p\u00e2tisseries ainsi qu\u2019avec des acteurs de l\u2019industrie agroalimentaire. Mes offres de consulting sont con\u00e7ues sur mesure afin de r\u00e9pondre au mieux aux besoins de [&hellip;]<\/p>\n","protected":false},"author":2,"featured_media":0,"parent":0,"menu_order":0,"comment_status":"closed","ping_status":"closed","template":"elementor_header_footer","meta":{"footnotes":""},"class_list":["post-1068","page","type-page","status-publish","hentry"],"yoast_head":"<!-- This site is optimized with the Yoast SEO plugin v27.3 - https:\/\/yoast.com\/product\/yoast-seo-wordpress\/ -->\n<title>Consulting et collaborations - Loba Patisserie<\/title>\n<meta name=\"robots\" content=\"index, follow, max-snippet:-1, max-image-preview:large, max-video-preview:-1\" \/>\n<link rel=\"canonical\" href=\"https:\/\/lobapatisserie.com\/fr\/consulting-collaborations\/\" \/>\n<meta property=\"og:locale\" content=\"fr_FR\" \/>\n<meta property=\"og:type\" content=\"article\" \/>\n<meta property=\"og:title\" content=\"Consulting et collaborations - Loba Patisserie\" \/>\n<meta property=\"og:description\" content=\"CONSULTING &amp; COLLABORATIONS J\u2019utilise mon savoir-faire pour aider mes clients \u00e0 am\u00e9liorer la qualit\u00e9 de leurs produits ou \u00e0 en cr\u00e9er de nouveaux. Je travaille avec des restaurants, des chefs, des p\u00e2tisseries ainsi qu\u2019avec des acteurs de l\u2019industrie agroalimentaire. Mes offres de consulting sont con\u00e7ues sur mesure afin de r\u00e9pondre au mieux aux besoins de [&hellip;]\" \/>\n<meta property=\"og:url\" content=\"https:\/\/lobapatisserie.com\/fr\/consulting-collaborations\/\" \/>\n<meta property=\"og:site_name\" content=\"Loba Patisserie\" \/>\n<meta property=\"article:modified_time\" content=\"2025-05-14T16:17:55+00:00\" \/>\n<meta property=\"og:image\" content=\"https:\/\/lobapatisserie.com\/wp-content\/uploads\/2024\/06\/Loba-BBMF-20233454-1-scaled.jpg\" \/>\n\t<meta property=\"og:image:width\" content=\"1708\" \/>\n\t<meta property=\"og:image:height\" content=\"2560\" \/>\n\t<meta property=\"og:image:type\" content=\"image\/jpeg\" \/>\n<meta name=\"twitter:card\" content=\"summary_large_image\" \/>\n<meta name=\"twitter:label1\" content=\"Dur\u00e9e de lecture estim\u00e9e\" \/>\n\t<meta name=\"twitter:data1\" content=\"2 minutes\" \/>\n<script type=\"application\/ld+json\" class=\"yoast-schema-graph\">{\"@context\":\"https:\\\/\\\/schema.org\",\"@graph\":[{\"@type\":\"WebPage\",\"@id\":\"https:\\\/\\\/lobapatisserie.com\\\/fr\\\/consulting-collaborations\\\/\",\"url\":\"https:\\\/\\\/lobapatisserie.com\\\/fr\\\/consulting-collaborations\\\/\",\"name\":\"Consulting et collaborations - Loba Patisserie\",\"isPartOf\":{\"@id\":\"https:\\\/\\\/lobapatisserie.com\\\/fr\\\/#website\"},\"primaryImageOfPage\":{\"@id\":\"https:\\\/\\\/lobapatisserie.com\\\/fr\\\/consulting-collaborations\\\/#primaryimage\"},\"image\":{\"@id\":\"https:\\\/\\\/lobapatisserie.com\\\/fr\\\/consulting-collaborations\\\/#primaryimage\"},\"thumbnailUrl\":\"https:\\\/\\\/lobapatisserie.com\\\/wp-content\\\/uploads\\\/2024\\\/06\\\/Loba-BBMF-20233454-1-scaled.jpg\",\"datePublished\":\"2023-01-16T14:34:26+00:00\",\"dateModified\":\"2025-05-14T16:17:55+00:00\",\"breadcrumb\":{\"@id\":\"https:\\\/\\\/lobapatisserie.com\\\/fr\\\/consulting-collaborations\\\/#breadcrumb\"},\"inLanguage\":\"fr-FR\",\"potentialAction\":[{\"@type\":\"ReadAction\",\"target\":[\"https:\\\/\\\/lobapatisserie.com\\\/fr\\\/consulting-collaborations\\\/\"]}]},{\"@type\":\"ImageObject\",\"inLanguage\":\"fr-FR\",\"@id\":\"https:\\\/\\\/lobapatisserie.com\\\/fr\\\/consulting-collaborations\\\/#primaryimage\",\"url\":\"https:\\\/\\\/lobapatisserie.com\\\/wp-content\\\/uploads\\\/2024\\\/06\\\/Loba-BBMF-20233454-1-scaled.jpg\",\"contentUrl\":\"https:\\\/\\\/lobapatisserie.com\\\/wp-content\\\/uploads\\\/2024\\\/06\\\/Loba-BBMF-20233454-1-scaled.jpg\"},{\"@type\":\"BreadcrumbList\",\"@id\":\"https:\\\/\\\/lobapatisserie.com\\\/fr\\\/consulting-collaborations\\\/#breadcrumb\",\"itemListElement\":[{\"@type\":\"ListItem\",\"position\":1,\"name\":\"Home\",\"item\":\"https:\\\/\\\/lobapatisserie.com\\\/fr\\\/\"},{\"@type\":\"ListItem\",\"position\":2,\"name\":\"Consulting et collaborations\"}]},{\"@type\":\"WebSite\",\"@id\":\"https:\\\/\\\/lobapatisserie.com\\\/fr\\\/#website\",\"url\":\"https:\\\/\\\/lobapatisserie.com\\\/fr\\\/\",\"name\":\"Loba Patisserie\",\"description\":\"Vegan Patisserie based in Paris, France\",\"potentialAction\":[{\"@type\":\"SearchAction\",\"target\":{\"@type\":\"EntryPoint\",\"urlTemplate\":\"https:\\\/\\\/lobapatisserie.com\\\/fr\\\/?s={search_term_string}\"},\"query-input\":{\"@type\":\"PropertyValueSpecification\",\"valueRequired\":true,\"valueName\":\"search_term_string\"}}],\"inLanguage\":\"fr-FR\"}]}<\/script>\n<!-- \/ Yoast SEO plugin. -->","yoast_head_json":{"title":"Consulting et collaborations - Loba Patisserie","robots":{"index":"index","follow":"follow","max-snippet":"max-snippet:-1","max-image-preview":"max-image-preview:large","max-video-preview":"max-video-preview:-1"},"canonical":"https:\/\/lobapatisserie.com\/fr\/consulting-collaborations\/","og_locale":"fr_FR","og_type":"article","og_title":"Consulting et collaborations - Loba Patisserie","og_description":"CONSULTING &amp; COLLABORATIONS J\u2019utilise mon savoir-faire pour aider mes clients \u00e0 am\u00e9liorer la qualit\u00e9 de leurs produits ou \u00e0 en cr\u00e9er de nouveaux. Je travaille avec des restaurants, des chefs, des p\u00e2tisseries ainsi qu\u2019avec des acteurs de l\u2019industrie agroalimentaire. Mes offres de consulting sont con\u00e7ues sur mesure afin de r\u00e9pondre au mieux aux besoins de [&hellip;]","og_url":"https:\/\/lobapatisserie.com\/fr\/consulting-collaborations\/","og_site_name":"Loba Patisserie","article_modified_time":"2025-05-14T16:17:55+00:00","og_image":[{"width":1708,"height":2560,"url":"https:\/\/lobapatisserie.com\/wp-content\/uploads\/2024\/06\/Loba-BBMF-20233454-1-scaled.jpg","type":"image\/jpeg"}],"twitter_card":"summary_large_image","twitter_misc":{"Dur\u00e9e de lecture estim\u00e9e":"2 minutes"},"schema":{"@context":"https:\/\/schema.org","@graph":[{"@type":"WebPage","@id":"https:\/\/lobapatisserie.com\/fr\/consulting-collaborations\/","url":"https:\/\/lobapatisserie.com\/fr\/consulting-collaborations\/","name":"Consulting et collaborations - Loba Patisserie","isPartOf":{"@id":"https:\/\/lobapatisserie.com\/fr\/#website"},"primaryImageOfPage":{"@id":"https:\/\/lobapatisserie.com\/fr\/consulting-collaborations\/#primaryimage"},"image":{"@id":"https:\/\/lobapatisserie.com\/fr\/consulting-collaborations\/#primaryimage"},"thumbnailUrl":"https:\/\/lobapatisserie.com\/wp-content\/uploads\/2024\/06\/Loba-BBMF-20233454-1-scaled.jpg","datePublished":"2023-01-16T14:34:26+00:00","dateModified":"2025-05-14T16:17:55+00:00","breadcrumb":{"@id":"https:\/\/lobapatisserie.com\/fr\/consulting-collaborations\/#breadcrumb"},"inLanguage":"fr-FR","potentialAction":[{"@type":"ReadAction","target":["https:\/\/lobapatisserie.com\/fr\/consulting-collaborations\/"]}]},{"@type":"ImageObject","inLanguage":"fr-FR","@id":"https:\/\/lobapatisserie.com\/fr\/consulting-collaborations\/#primaryimage","url":"https:\/\/lobapatisserie.com\/wp-content\/uploads\/2024\/06\/Loba-BBMF-20233454-1-scaled.jpg","contentUrl":"https:\/\/lobapatisserie.com\/wp-content\/uploads\/2024\/06\/Loba-BBMF-20233454-1-scaled.jpg"},{"@type":"BreadcrumbList","@id":"https:\/\/lobapatisserie.com\/fr\/consulting-collaborations\/#breadcrumb","itemListElement":[{"@type":"ListItem","position":1,"name":"Home","item":"https:\/\/lobapatisserie.com\/fr\/"},{"@type":"ListItem","position":2,"name":"Consulting et collaborations"}]},{"@type":"WebSite","@id":"https:\/\/lobapatisserie.com\/fr\/#website","url":"https:\/\/lobapatisserie.com\/fr\/","name":"Loba Patisserie","description":"Vegan Patisserie based in Paris, France","potentialAction":[{"@type":"SearchAction","target":{"@type":"EntryPoint","urlTemplate":"https:\/\/lobapatisserie.com\/fr\/?s={search_term_string}"},"query-input":{"@type":"PropertyValueSpecification","valueRequired":true,"valueName":"search_term_string"}}],"inLanguage":"fr-FR"}]}},"_links":{"self":[{"href":"https:\/\/lobapatisserie.com\/fr\/wp-json\/wp\/v2\/pages\/1068","targetHints":{"allow":["GET"]}}],"collection":[{"href":"https:\/\/lobapatisserie.com\/fr\/wp-json\/wp\/v2\/pages"}],"about":[{"href":"https:\/\/lobapatisserie.com\/fr\/wp-json\/wp\/v2\/types\/page"}],"author":[{"embeddable":true,"href":"https:\/\/lobapatisserie.com\/fr\/wp-json\/wp\/v2\/users\/2"}],"replies":[{"embeddable":true,"href":"https:\/\/lobapatisserie.com\/fr\/wp-json\/wp\/v2\/comments?post=1068"}],"version-history":[{"count":18,"href":"https:\/\/lobapatisserie.com\/fr\/wp-json\/wp\/v2\/pages\/1068\/revisions"}],"predecessor-version":[{"id":2087,"href":"https:\/\/lobapatisserie.com\/fr\/wp-json\/wp\/v2\/pages\/1068\/revisions\/2087"}],"wp:attachment":[{"href":"https:\/\/lobapatisserie.com\/fr\/wp-json\/wp\/v2\/media?parent=1068"}],"curies":[{"name":"wp","href":"https:\/\/api.w.org\/{rel}","templated":true}]}}